{"id":599,"date":"2025-11-18T11:24:17","date_gmt":"2025-11-18T10:24:17","guid":{"rendered":"http:\/\/hello.tommarket.hu\/?page_id=599"},"modified":"2025-11-18T14:19:45","modified_gmt":"2025-11-18T13:19:45","slug":"csatlakozz","status":"publish","type":"page","link":"http:\/\/tommarket.hu\/index.php\/csatlakozz\/","title":{"rendered":"Csatlakozz"},"content":{"rendered":"<div class=\"wpb-content-wrapper\"><p>[vc_row kd_background_image_position=&#8221;vc_row-bg-position-top&#8221;][vc_column css=&#8221;.vc_custom_1761567367873{margin-top: 40px !important;}&#8221;]<header class=\"kd-section-title col-lg-12 text-center  subtitle-below-title    vc_custom_1763461455304\" ><h2 class=\"separator_off\" >A boltvezet\u00e9s \u00faj szintje<\/h2><\/header>[\/vc_column][\/vc_row][vc_row kd_background_image_position=&#8221;vc_row-bg-position-top&#8221;][vc_column width=&#8221;1\/2&#8243;][vc_single_image image=&#8221;187&#8243; img_size=&#8221;full&#8221; style=&#8221;vc_box_rounded&#8221; css=&#8221;&#8221;][\/vc_column][vc_column width=&#8221;1\/2&#8243;]<header class=\"kd-section-title col-lg-12 text-left  subtitle-below-title    vc_custom_1763466617959\" ><h2 class=\"separator_off\" style=\"margin-bottom:30px;\">A j\u00f6v\u0151bemutat\u00f3 kisbolt<\/h2><\/header>[vc_column_text css=&#8221;&#8221;]\u00dczemeltess Te is egy j\u00f6v\u0151bemutat\u00f3 boltot, amely extra megjelen\u00e9s\u00e9vel, rendk\u00edv\u00fcl sz\u00e9les v\u00e1laszt\u00e9k\u00e1val \u00e9s kieg\u00e9sz\u00edt\u0151 szolg\u00e1ltat\u00e1saival kiemelkedik a t\u00f6bbi k\u00f6z\u00fcl![\/vc_column_text][\/vc_column][\/vc_row][vc_row full_width=&#8221;stretch_row&#8221; kd_background_image_position=&#8221;vc_row-bg-position-top&#8221; css=&#8221;.vc_custom_1763465119454{margin-top: 60px !important;}&#8221;][vc_column]<header class=\"kd-section-title col-lg-12 text-center  subtitle-below-title    vc_custom_1763466601758\" ><h2 class=\"separator_off\" style=\"margin-bottom:30px;\">L\u00e9gy Te a Tom Market j\u00f6v\u0151je<\/h2><h6 class=\"subtitle\" >Ha \u00fagy \u00e9rzed j\u00f3kedv\u0171, szorgalmas, motiv\u00e1lt szem\u00e9lyis\u00e9ged mag\u00e1val tudja ragadni k\u00f6rnyezeted is, a Tom Market pontosan neked val\u00f3! Szuper, hogyha magad\u00e9nak \u00e9rzed az \u00fczlet siker\u00e9t, de nem f\u00e9lsz a kih\u00edv\u00e1sokt\u00f3l \u00e9s k\u00e9nyelmesen \u00e9rzed magad a kereskedelemben, valamint \u00e9rdekel a boltok m\u0171k\u00f6d\u00e9se.<\/h6><\/header>[vc_tta_tabs][vc_tta_section title=&#8221;K\u00f6lts\u00e9ghat\u00e9kony&#8221; tab_id=&#8221;tab1&#8243;][vc_row_inner kd_background_image_position=&#8221;vc_row-bg-position-top&#8221; css=&#8221;.vc_custom_1763465055175{margin-top: 40px !important;}&#8221;][vc_column_inner width=&#8221;1\/2&#8243;][vc_single_image image=&#8221;643&#8243; img_size=&#8221;full&#8221; style=&#8221;vc_box_rounded&#8221; css=&#8221;&#8221;][\/vc_column_inner][vc_column_inner width=&#8221;1\/2&#8243;]<header class=\"kd-section-title col-lg-12 text-left  subtitle-below-title    vc_custom_1763463927403\" ><h2 class=\"separator_off\" style=\"margin-bottom:30px;\">Kisbolti v\u00e1llalkoz\u00e1s t\u00f6bb milli\u00f3s befektet\u00e9s n\u00e9lk\u00fcl!<\/h2><\/header>[vc_column_text css=&#8221;&#8221;]<\/p>\n<ul>\n<li>Kulcsrak\u00e9sz bolt<\/li>\n<li>Teljes indul\u00f3 rakt\u00e1rk\u00e9szlet<\/li>\n<li>\u00d6sszes sz\u00fcks\u00e9ges enged\u00e9ly<\/li>\n<\/ul>\n<p>[\/vc_column_text][\/vc_column_inner][\/vc_row_inner][\/vc_tta_section][vc_tta_section title=&#8221;J\u00f6vedelmez\u0151&#8221; tab_id=&#8221;Tab2&#8243;][vc_row_inner kd_background_image_position=&#8221;vc_row-bg-position-top&#8221; css=&#8221;.vc_custom_1763465078625{margin-top: 40px !important;}&#8221;][vc_column_inner width=&#8221;1\/2&#8243;][vc_single_image image=&#8221;642&#8243; img_size=&#8221;full&#8221; style=&#8221;vc_box_rounded&#8221; css=&#8221;&#8221;][\/vc_column_inner][vc_column_inner width=&#8221;1\/2&#8243;]<header class=\"kd-section-title col-lg-12 text-left  subtitle-below-title    vc_custom_1763464136658\" ><h2 class=\"separator_off\" style=\"margin-bottom:30px;\">Keress t\u00f6bb p\u00e9nzt egy Tom Market \u00fczemeltet\u00e9s\u00e9vel!<\/h2><\/header>[vc_column_text css=&#8221;&#8221;]<\/p>\n<ul>\n<li>r\u00e9szesed\u00e9st kaphatsz a bolt profitj\u00e1b\u00f3l<\/li>\n<li>magad alak\u00edthatod ki az \u00fczletben dolgoz\u00f3k fizet\u00e9si modellt<\/li>\n<li>min\u00e9l jobb boltot \u00fczemeltetsz, ann\u00e1l magasabb lehet kereseted<\/li>\n<\/ul>\n<p>[\/vc_column_text][\/vc_column_inner][\/vc_row_inner][\/vc_tta_section][vc_tta_section title=&#8221;El\u0151ny\u00f6k&#8221; tab_id=&#8221;Tab3&#8243;][vc_row_inner kd_background_image_position=&#8221;vc_row-bg-position-top&#8221; css=&#8221;.vc_custom_1763465088828{margin-top: 40px !important;}&#8221;][vc_column_inner width=&#8221;1\/2&#8243;][vc_single_image image=&#8221;641&#8243; img_size=&#8221;full&#8221; style=&#8221;vc_box_rounded&#8221; css=&#8221;&#8221;][\/vc_column_inner][vc_column_inner width=&#8221;1\/2&#8243;]<header class=\"kd-section-title col-lg-12 text-left  subtitle-below-title    vc_custom_1763464198181\" ><h2 class=\"separator_off\" style=\"margin-bottom:30px;\">A franchise bolth\u00e1l\u00f3zat el\u0151nyeit!<\/h2><\/header>[vc_column_text css=&#8221;&#8221;]<\/p>\n<ul>\n<li>folyamatosan b\u0151v\u00fcl\u0151 bolth\u00e1l\u00f3zat<\/li>\n<li>saj\u00e1t rakt\u00e1r \u00e9s logisztikai k\u00f6zpont<\/li>\n<li>sz\u00e9lesk\u00f6r\u0171 besz\u00e1ll\u00edt\u00f3i kapcsolatok<\/li>\n<li>k\u00f6nnyen kezelhet\u0151 rendel\u00e9si fel\u00fclet<\/li>\n<\/ul>\n<p>[\/vc_column_text][\/vc_column_inner][\/vc_row_inner][\/vc_tta_section][vc_tta_section title=&#8221;T\u00e1mogat\u00e1s&#8221; tab_id=&#8221;Tab4&#8243;][vc_row_inner kd_background_image_position=&#8221;vc_row-bg-position-top&#8221; css=&#8221;.vc_custom_1763465100938{margin-top: 40px !important;}&#8221;][vc_column_inner width=&#8221;1\/2&#8243;][vc_single_image image=&#8221;640&#8243; img_size=&#8221;full&#8221; style=&#8221;vc_box_rounded&#8221; css=&#8221;&#8221;][\/vc_column_inner][vc_column_inner width=&#8221;1\/2&#8243;]<header class=\"kd-section-title col-lg-12 text-left  subtitle-below-title    vc_custom_1763464224669\" ><h2 class=\"separator_off\" style=\"margin-bottom:30px;\">Teljesk\u00f6r\u0171 t\u00e1mogat\u00e1st \u00e9s seg\u00edts\u00e9gny\u00fajt\u00e1st!<\/h2><\/header>[vc_column_text css=&#8221;&#8221;]<\/p>\n<ul>\n<li>kisbolt \u00fczemeltet\u00e9si tud\u00e1sunkat megosztjuk Veled<\/li>\n<li>m\u0171szaki \u00e9s kivitelez\u00e9si t\u00e1mogat\u00e1st ny\u00fajtunk<\/li>\n<li>seg\u00edt\u00fcnk a rekl\u00e1manyagok \u00e9s a marketing csatorn\u00e1k l\u00e9trehoz\u00e1s\u00e1ban<\/li>\n<li>indul\u00f3 k\u00e9pz\u00e9s\u00fcnk ut\u00e1n is sz\u00e1m\u00edthatsz r\u00e1nk<\/li>\n<\/ul>\n<p>[\/vc_column_text][\/vc_column_inner][\/vc_row_inner][\/vc_tta_section][\/vc_tta_tabs][\/vc_column][\/vc_row][vc_row kd_background_image_position=&#8221;vc_row-bg-position-top&#8221; css=&#8221;.vc_custom_1763465500861{margin-top: 60px !important;}&#8221;][vc_column]<header class=\"kd-section-title col-lg-12 text-center  subtitle-below-title    vc_custom_1763465734725\" ><h2 class=\"separator_off\" style=\"margin-bottom:30px;\">Ezzel j\u00e1rulunk hozz\u00e1 a sikereidhez<\/h2><\/header>[vc_row_inner kd_background_image_position=&#8221;vc_row-bg-position-top&#8221; css=&#8221;.vc_custom_1763465055175{margin-top: 40px !important;}&#8221;][vc_column_inner width=&#8221;1\/2&#8243;][vc_column_text css=&#8221;&#8221;]Csatlakoz\u00e1soddal nem maradsz egyed\u00fcl: olyan h\u00e1tt\u00e9rt\u00e1mogat\u00e1st biztos\u00edtunk, amely megk\u00f6nny\u00edti az indul\u00e1st \u00e9s hossz\u00fa t\u00e1von is stabil alapokat teremt. Minden eszk\u00f6zt megadunk, hogy \u00fczleted hat\u00e9konyan m\u0171k\u00f6dj\u00f6n \u00e9s folyamatosan n\u00f6vekedhessen.<\/p>\n<ul>\n<li>Ismert m\u00e1rka \u00e9s arculat<\/li>\n<li>Teljesen felszerelt \u00e9s felt\u00f6lt\u00f6tt \u00fczlet<\/li>\n<li>Orsz\u00e1gos \u00e1rusz\u00e1ll\u00edt\u00e1s<\/li>\n<li>Marketing\u00a0t\u00e1mogat\u00e1s<\/li>\n<li>V\u00e1s\u00e1rl\u00f3bar\u00e1t \u00e1rak \u00e9s akci\u00f3k<\/li>\n<li>Bels\u0151 oktat\u00e1s \u00e9s k\u00e9pz\u00e9s<\/li>\n<li>Folyamatos t\u00e1mogat\u00e1s<\/li>\n<\/ul>\n<p>[\/vc_column_text][\/vc_column_inner][vc_column_inner width=&#8221;1\/2&#8243;][vc_single_image image=&#8221;645&#8243; img_size=&#8221;full&#8221; style=&#8221;vc_box_rounded&#8221; css=&#8221;&#8221;][\/vc_column_inner][\/vc_row_inner][\/vc_column][\/vc_row][vc_row kd_background_image_position=&#8221;vc_row-bg-position-top&#8221; css=&#8221;.vc_custom_1763465505667{margin-top: 60px !important;}&#8221;][vc_column]<header class=\"kd-section-title col-lg-12 text-center  subtitle-below-title    vc_custom_1763465753179\" ><h2 class=\"separator_off\" style=\"margin-bottom:30px;\">Az ide\u00e1lis \u00fczemeltet\u0151 ism\u00e9rvei<\/h2><\/header>[vc_row_inner kd_background_image_position=&#8221;vc_row-bg-position-top&#8221; css=&#8221;.vc_custom_1763465055175{margin-top: 40px !important;}&#8221;][vc_column_inner width=&#8221;1\/2&#8243;][vc_single_image image=&#8221;646&#8243; img_size=&#8221;full&#8221; style=&#8221;vc_box_rounded&#8221; css=&#8221;&#8221;][\/vc_column_inner][vc_column_inner width=&#8221;1\/2&#8243;][vc_column_text css=&#8221;&#8221;]Ahhoz, hogy egy Tom Market \u00fczlet sikeresen m\u0171k\u00f6dj\u00f6n, fontos, hogy az \u00fczemeltet\u0151 rendelkezzen a megfelel\u0151 k\u00e9szs\u00e9gekkel \u00e9s tapasztalattal. Az al\u00e1bbiak seg\u00edtenek felm\u00e9rni, mennyire illeszkedsz a franchise rendszer\u00fcnkhez \u00e9s annak elv\u00e1r\u00e1saihoz.<\/p>\n<ul>\n<li>V\u00e1llalkoz\u00e1si hajland\u00f3s\u00e1g<\/li>\n<li>Csapatvezet\u0151i k\u00e9szs\u00e9gek<\/li>\n<li>Min. 2 \u00e9v kereskedelmi tapasztalat<\/li>\n<li>Kiv\u00e1l\u00f3 kommunik\u00e1ci\u00f3s k\u00e9szs\u00e9g<\/li>\n<li>Microsoft Office ismeretek<\/li>\n<li>\u00dczletvezet\u00e9si \u00e9s \u00fczemeltet\u00e9si tapasztalat<\/li>\n<li>Fejl\u0151d\u00e9si potenci\u00e1l<\/li>\n<\/ul>\n<p>[\/vc_column_text][\/vc_column_inner][\/vc_row_inner][\/vc_column][\/vc_row]<\/p>\n<\/div>","protected":false},"excerpt":{"rendered":"<p> [&hellip;]<\/p>\n","protected":false},"author":1,"featured_media":0,"parent":0,"menu_order":0,"comment_status":"closed","ping_status":"closed","template":"","meta":{"footnotes":""},"class_list":["post-599","page","type-page","status-publish","hentry"],"_links":{"self":[{"href":"http:\/\/tommarket.hu\/index.php\/wp-json\/wp\/v2\/pages\/599","targetHints":{"allow":["GET"]}}],"collection":[{"href":"http:\/\/tommarket.hu\/index.php\/wp-json\/wp\/v2\/pages"}],"about":[{"href":"http:\/\/tommarket.hu\/index.php\/wp-json\/wp\/v2\/types\/page"}],"author":[{"embeddable":true,"href":"http:\/\/tommarket.hu\/index.php\/wp-json\/wp\/v2\/users\/1"}],"replies":[{"embeddable":true,"href":"http:\/\/tommarket.hu\/index.php\/wp-json\/wp\/v2\/comments?post=599"}],"version-history":[{"count":42,"href":"http:\/\/tommarket.hu\/index.php\/wp-json\/wp\/v2\/pages\/599\/revisions"}],"predecessor-version":[{"id":647,"href":"http:\/\/tommarket.hu\/index.php\/wp-json\/wp\/v2\/pages\/599\/revisions\/647"}],"wp:attachment":[{"href":"http:\/\/tommarket.hu\/index.php\/wp-json\/wp\/v2\/media?parent=599"}],"curies":[{"name":"wp","href":"https:\/\/api.w.org\/{rel}","templated":true}]}}