{"id":472,"date":"2025-11-12T12:32:24","date_gmt":"2025-11-12T11:32:24","guid":{"rendered":"https:\/\/hello.tommarket.hu\/?page_id=472"},"modified":"2026-01-05T08:46:42","modified_gmt":"2026-01-05T07:46:42","slug":"nyeremenyjatekok","status":"publish","type":"page","link":"http:\/\/tommarket.hu\/index.php\/nyeremenyjatekok\/","title":{"rendered":"Nyerem\u00e9nyj\u00e1t\u00e9kok"},"content":{"rendered":"<div class=\"wpb-content-wrapper\"><p>[vc_row kd_background_image_position=&#8221;vc_row-bg-position-top&#8221; css=&#8221;.vc_custom_1764684135947{margin-top: 160px !important;}&#8221; css_mobile=&#8221;.vc_custom_1764684135948{margin-top: 30px !important;}&#8221;][vc_column]<header class=\"kd-section-title col-lg-12 text-center  subtitle-below-title    vc_custom_1764684116963\" ><h2 class=\"separator_off\" >Nyerem\u00e9nyj\u00e1t\u00e9kok<\/h2><\/header>[\/vc_column][\/vc_row][vc_row kd_background_image_position=&#8221;vc_row-bg-position-top&#8221; css=&#8221;.vc_custom_1764684151744{margin-top: 60px !important;padding-top: 0px !important;padding-bottom: 40px !important;}&#8221; css_mobile=&#8221;.vc_custom_1764684151745{margin-top: 40px !important;}&#8221;][vc_column][vc_single_image image=&#8221;852&#8243; img_size=&#8221;full&#8221; alignment=&#8221;center&#8221; css=&#8221;.vc_custom_1765888234762{background-color: #dd1e35 !important;}&#8221;]<header class=\"kd-section-title col-lg-12 text-center  subtitle-below-title    vc_custom_1765888134541\" ><h2 class=\"separator_off\" >Meghozzuk az \u00faj\u00e9vi szerencs\u00e9d!<\/h2><\/header>[vc_column_text css=&#8221;.vc_custom_1767599197720{padding-top: 20px !important;}&#8221;]<\/p>\n<p style=\"font-size: large; line-height: 150%;\">A nyerem\u00e9nyj\u00e1t\u00e9kban azok a v\u00e1s\u00e1rl\u00f3k vehetnek r\u00e9szt, akik a j\u00e1t\u00e9k id\u0151tartama alatt\u00a0<strong>legal\u00e1bb egy alkalommal, minimum 3.000 Ft \u00e9rt\u00e9kben<\/strong> v\u00e1s\u00e1rolnak a j\u00e1t\u00e9kban r\u00e9sztvev\u0151 <strong>Tom Market \u00fczlet\u00fcnkben. <\/strong>A kapar\u00f3s sorsjegyen tal\u00e1lhat\u00f3 k\u00f3d felt\u00f6lt\u00e9s\u00e9vel automatikusan beker\u00fclsz a sorsol\u00e1sba. <b>Egy v\u00e1s\u00e1rl\u00f3 t\u00f6bb kapar\u00f3s sorsjeggyel is r\u00e9szt vehet a sorsol\u00e1sban.<\/b><\/p>\n<p style=\"font-size: large; line-height: 150%;\"><strong>A Nyerem\u00e9nyj\u00e1t\u00e9k id\u0151tartama:<\/strong> 2026.01.01.-2026.01.31.<\/p>\n<p>[\/vc_column_text]<a  href=\"http:\/\/tommarket.hu\/index.php\/nyeremenyjatek\/\"  target=\"_self\"  title=\"Nyerem\u00e9nyj\u00e1t\u00e9k\"  class=\"tt_button tt_primary_button btn_primary_color  btn-align-left button-action-link\" ><span class=\"prim_text\">R\u00e9szletek<\/span><\/a>[\/vc_column][\/vc_row][vc_row kd_background_image_position=&#8221;vc_row-bg-position-top&#8221;][vc_column]<div class=\"kd-divider dashed_line divider_full_width \">\n                <div class=\"divider-line\" style=\"border-color:\"><\/div>\n            <\/div>[\/vc_column][\/vc_row][vc_row disable_element=&#8221;yes&#8221; kd_background_image_position=&#8221;vc_row-bg-position-top&#8221; css=&#8221;.vc_custom_1765887953217{padding-top: 0px !important;padding-bottom: 40px !important;}&#8221;][vc_column][vc_single_image image=&#8221;686&#8243; img_size=&#8221;full&#8221; alignment=&#8221;center&#8221; css=&#8221;.vc_custom_1764684540858{background-color: #dd1e35 !important;}&#8221;]<header class=\"kd-section-title col-lg-12 text-center  subtitle-below-title    vc_custom_1764668273978\" ><h2 class=\"separator_off\" >\u00dcnnepi receptverseny<\/h2><\/header>[vc_column_text css=&#8221;.vc_custom_1764667009343{padding-top: 20px !important;}&#8221;]<\/p>\n<p style=\"font-size: large; line-height: 150%;\">Most itt a remek alkalom, hogy egy\u00fctt s\u00fcssetek valami finoms\u00e1got gyermeketekkel vagy unok\u00e1tokkal, \u00e9s k\u00f6zben \u00e9rt\u00e9kes aj\u00e1nd\u00e9kokat is nyerjetek! A bek\u00fcld\u0151k k\u00f6z\u00f6tt\u00a0<strong data-end=\"866\" data-start=\"829\">egy szerencs\u00e9s nyertest sorsolunk<\/strong>, valamint kiv\u00e1lasztjuk\u00a0<strong data-end=\"924\" data-start=\"890\">a \u201eTom Market kedvenc s\u00fctij\u00e9t\u201d<\/strong>\u00a0is!<\/p>\n<p style=\"font-size: large; line-height: 150%;\"><strong>A Nyerem\u00e9nyj\u00e1t\u00e9k id\u0151tartama:<\/strong> 2025.11.01.-2025.12.07.<\/p>\n<p>[\/vc_column_text]<a  href=\"http:\/\/hello.tommarket.hu\/index.php\/vegyel-reszt-unnepi-hangulatu-csaladi-receptversenyunkon\/\"  target=\"_self\"  title=\"Nyerem\u00e9nyj\u00e1t\u00e9k\"  class=\"tt_button tt_primary_button btn_primary_color  btn-align-left button-action-link\" ><span class=\"prim_text\">R\u00e9szletek<\/span><\/a>[\/vc_column][\/vc_row]<\/p>\n<\/div>","protected":false},"excerpt":{"rendered":"<p> [&hellip;]<\/p>\n","protected":false},"author":1,"featured_media":0,"parent":0,"menu_order":0,"comment_status":"closed","ping_status":"closed","template":"","meta":{"footnotes":""},"class_list":["post-472","page","type-page","status-publish","hentry"],"_links":{"self":[{"href":"http:\/\/tommarket.hu\/index.php\/wp-json\/wp\/v2\/pages\/472","targetHints":{"allow":["GET"]}}],"collection":[{"href":"http:\/\/tommarket.hu\/index.php\/wp-json\/wp\/v2\/pages"}],"about":[{"href":"http:\/\/tommarket.hu\/index.php\/wp-json\/wp\/v2\/types\/page"}],"author":[{"embeddable":true,"href":"http:\/\/tommarket.hu\/index.php\/wp-json\/wp\/v2\/users\/1"}],"replies":[{"embeddable":true,"href":"http:\/\/tommarket.hu\/index.php\/wp-json\/wp\/v2\/comments?post=472"}],"version-history":[{"count":18,"href":"http:\/\/tommarket.hu\/index.php\/wp-json\/wp\/v2\/pages\/472\/revisions"}],"predecessor-version":[{"id":947,"href":"http:\/\/tommarket.hu\/index.php\/wp-json\/wp\/v2\/pages\/472\/revisions\/947"}],"wp:attachment":[{"href":"http:\/\/tommarket.hu\/index.php\/wp-json\/wp\/v2\/media?parent=472"}],"curies":[{"name":"wp","href":"https:\/\/api.w.org\/{rel}","templated":true}]}}