{"id":293,"date":"2025-11-06T08:10:41","date_gmt":"2025-11-06T07:10:41","guid":{"rendered":"https:\/\/hello.tommarket.hu\/?page_id=293"},"modified":"2025-12-15T12:51:07","modified_gmt":"2025-12-15T11:51:07","slug":"kapcsolat","status":"publish","type":"page","link":"http:\/\/tommarket.hu\/index.php\/kapcsolat\/","title":{"rendered":"Kapcsolat"},"content":{"rendered":"<div class=\"wpb-content-wrapper\"><p>[vc_row kd_background_image_position=&#8221;vc_row-bg-position-top&#8221; css=&#8221;.vc_custom_1764683473106{margin-top: 160px !important;}&#8221; css_mobile=&#8221;.vc_custom_1764683473108{margin-top: 30px !important;}&#8221;][vc_column]<header class=\"kd-section-title col-lg-12 text-center  subtitle-below-title   \" ><h2 class=\"separator_off\" >Kapcsolat<\/h2><\/header>[\/vc_column][\/vc_row][vc_row full_width=&#8221;stretch_row&#8221; parallax=&#8221;content-moving&#8221; parallax_speed_bg=&#8221;&#8221; css_animation=&#8221;fadeIn&#8221; kd_background_image_position=&#8221;vc_row-bg-position-center&#8221; css=&#8221;.vc_custom_1764683618687{margin-top: 60px !important;padding-bottom: 40px !important;background-image: url(http:\/\/hello.tommarket.hu\/wp-content\/uploads\/2025\/10\/transport-bg3.png?id=142) !important;background-position: center;background-repeat: no-repeat !important;background-size: cover !important;}&#8221; css_mobile=&#8221;.vc_custom_1764683618687{margin-top: 40px !important;}&#8221;][vc_column]<header class=\"kd-section-title col-lg-12 text-center  subtitle-below-title    vc_custom_1763109866808\" ><h6 class=\"subtitle\" style=\"color: #424242;\">Ha k\u00e9rd\u00e9sed van term\u00e9keinkkel, szolg\u00e1ltat\u00e1sainkkal vagy egy\u00fcttm\u0171k\u00f6d\u00e9ssel kapcsolatban, vedd fel vel\u00fcnk a kapcsolatot az al\u00e1bbi el\u00e9rhet\u0151s\u00e9gek egyik\u00e9n.<\/h6><\/header>[vc_row_inner kd_background_image_position=&#8221;vc_row-bg-position-top&#8221;][vc_column_inner width=&#8221;1\/3&#8243;]<div class=\"cb-container  content-center\" ><div class=\"cb-wrapper\" style=\"background-color: #fff;\"><div class=\"cb-img-area\"><i class=\"iconsmind-Mail iconsmind-Emails\" style=\"font-size: 40px; color: #DC1E40;\"><\/i> <\/div><div class=\"cb-text-area\"><h4 class=\"cb-heading\" >\u00cdrj k\u00f6zvetlen\u00fcl csapatunknak<\/h4><p >\u00cdrj nek\u00fcnk bizalommal \u2013 minden megkeres\u00e9sre igyeksz\u00fcnk a lehet\u0151 leghamarabb v\u00e1laszolni.<\/p><a class=\"cb-simple-link\" href=\"mailto:info@tommarket.hu\" target=\"_blank\" >info@tommarket.hu<\/a><\/div><\/div><\/div>[\/vc_column_inner][vc_column_inner width=&#8221;1\/3&#8243;]<div class=\"cb-container  content-center\" ><div class=\"cb-wrapper\" style=\"background-color: #fff;\"><div class=\"cb-img-area\"><i class=\"iconsmind-Phone-2 iconsmind-Desktop-apps\" style=\"font-size: 40px; color: #DC1E40;\"><\/i> <\/div><div class=\"cb-text-area\"><h4 class=\"cb-heading\" >L\u00e9pj vel\u00fcnk<br \/>\nkapcsolatba<\/h4><p >Ha k\u00e9rd\u00e9sed van szolg\u00e1ltat\u00e1sainkkal kapcsolatban, h\u00edvj minket, \u00f6r\u00f6mmel seg\u00edt\u00fcnk!<\/p><a class=\"cb-simple-link\" href=\"+36705166061\" target=\"_blank\" >+36 70 516-6061<\/a><\/div><\/div><\/div>[\/vc_column_inner][vc_column_inner width=&#8221;1\/3&#8243;]<div class=\"cb-container  content-center\" ><div class=\"cb-wrapper\" style=\"background-color: #fff;\"><div class=\"cb-img-area\"><i class=\"iconsmind-Facebook iconsmind-Social-Media\" style=\"font-size: 40px; color: #DC1E40;\"><\/i> <\/div><div class=\"cb-text-area\"><h4 class=\"cb-heading\" >K\u00f6vess minket<br \/>\nonline<\/h4><p >K\u00f6vess minket k\u00f6z\u00f6ss\u00e9gi oldalainkon a legfrissebb akci\u00f3k\u00e9rt, \u00fajdons\u00e1gok\u00e9rt \u00e9s recept\u00f6tletek\u00e9rt!<\/p><a class=\"cb-simple-link\" href=\"https:\/\/www.facebook.com\/profile.php?id=61573031671730\" target=\"_self\" >Facebook<\/a><\/div><\/div><\/div>[\/vc_column_inner][\/vc_row_inner][\/vc_column][\/vc_row][vc_row css_animation=&#8221;fadeIn&#8221; kd_background_image_position=&#8221;vc_row-bg-position-top&#8221; css=&#8221;.vc_custom_1764683941759{margin-top: 40px !important;}&#8221;][vc_column width=&#8221;1\/2&#8243;]<header class=\"kd-section-title col-lg-12 text-left  subtitle-below-title    vc_custom_1762418476579\" ><h3 class=\"separator_off\" >K\u00f6zponti iroda<\/h3><h6 class=\"subtitle\" >7634, P\u00e9cs, Nagy-Berki \u00fat 8\/3.<\/h6><\/header>[vc_goo_maps location=&#8221;7634, P\u00e9cs, Nagy-Berki \u00fat 8\/3.&#8221; height=&#8221;500px&#8221; zoom=&#8221;17&#8243; css=&#8221;&#8221;][\/vc_column][vc_column width=&#8221;1\/2&#8243; css_mobile=&#8221;.vc_custom_1764683958421{margin-top: 60px !important;}&#8221;]<header class=\"kd-section-title col-lg-12 text-left  subtitle-below-title   \" ><h3 class=\"separator_off\" >K\u00e9rd\u00e9sed van?<\/h3><h6 class=\"subtitle\" >L\u00e9pj vel\u00fcnk kapcsolatba.<\/h6><\/header><div class=\"wpforms-container wpforms-container-full\" id=\"wpforms-340\"><form id=\"wpforms-form-340\" class=\"wpforms-validate wpforms-form wpforms-ajax-form\" data-formid=\"340\" method=\"post\" enctype=\"multipart\/form-data\" action=\"\/index.php\/wp-json\/wp\/v2\/pages\/293\" data-token=\"dd76df3faddb504249efb45a17e0247a\"><noscript class=\"wpforms-error-noscript\">Please enable JavaScript in your browser to complete this form.<\/noscript><div class=\"wpforms-field-container\"><div id=\"wpforms-340-field_1-container\" class=\"wpforms-field wpforms-field-text\" data-field-id=\"1\"><label class=\"wpforms-field-label\" for=\"wpforms-340-field_1\">N\u00e9v <span class=\"wpforms-required-label\">*<\/span><\/label><input type=\"text\" id=\"wpforms-340-field_1\" class=\"wpforms-field-large wpforms-field-required\" name=\"wpforms[fields][1]\" required><\/div><div id=\"wpforms-340-field_2-container\" class=\"wpforms-field wpforms-field-email\" data-field-id=\"2\"><label class=\"wpforms-field-label\" for=\"wpforms-340-field_2\">Email <span class=\"wpforms-required-label\">*<\/span><\/label><input type=\"email\" id=\"wpforms-340-field_2\" class=\"wpforms-field-large wpforms-field-required\" name=\"wpforms[fields][2]\" required><\/div><div id=\"wpforms-340-field_3-container\" class=\"wpforms-field wpforms-field-text\" data-field-id=\"3\"><label class=\"wpforms-field-label\" for=\"wpforms-340-field_3\">T\u00e1rgy <span class=\"wpforms-required-label\">*<\/span><\/label><input type=\"text\" id=\"wpforms-340-field_3\" class=\"wpforms-field-large wpforms-field-required\" name=\"wpforms[fields][3]\" required><\/div><div id=\"wpforms-340-field_4-container\" class=\"wpforms-field wpforms-field-textarea\" data-field-id=\"4\"><label class=\"wpforms-field-label\" for=\"wpforms-340-field_4\">\u00dczenet <span class=\"wpforms-required-label\">*<\/span><\/label><textarea id=\"wpforms-340-field_4\" class=\"wpforms-field-medium wpforms-field-required\" name=\"wpforms[fields][4]\" required><\/textarea><\/div><\/div><div class=\"wpforms-submit-container\"><input type=\"hidden\" name=\"wpforms[id]\" value=\"340\"><input type=\"hidden\" name=\"wpforms[author]\" value=\"1\"><button type=\"submit\" name=\"wpforms[submit]\" id=\"wpforms-submit-340\" class=\"wpforms-submit\" data-alt-text=\"K\u00fcld\u00e9s...\" data-submit-text=\"K\u00fcld\u00e9s\" aria-live=\"assertive\" value=\"wpforms-submit\">K\u00fcld\u00e9s<\/button><img loading=\"lazy\" decoding=\"async\" src=\"http:\/\/tommarket.hu\/wp-content\/plugins\/wpforms\/assets\/images\/submit-spin.svg\" class=\"wpforms-submit-spinner\" style=\"display: none;\" width=\"26\" height=\"26\" alt=\"Loading\"><\/div><\/form><\/div>  <!-- .wpforms-container -->[\/vc_column][\/vc_row]<\/p>\n<\/div>","protected":false},"excerpt":{"rendered":"<p> [&hellip;]<\/p>\n","protected":false},"author":1,"featured_media":0,"parent":0,"menu_order":0,"comment_status":"closed","ping_status":"closed","template":"","meta":{"footnotes":""},"class_list":["post-293","page","type-page","status-publish","hentry"],"_links":{"self":[{"href":"http:\/\/tommarket.hu\/index.php\/wp-json\/wp\/v2\/pages\/293","targetHints":{"allow":["GET"]}}],"collection":[{"href":"http:\/\/tommarket.hu\/index.php\/wp-json\/wp\/v2\/pages"}],"about":[{"href":"http:\/\/tommarket.hu\/index.php\/wp-json\/wp\/v2\/types\/page"}],"author":[{"embeddable":true,"href":"http:\/\/tommarket.hu\/index.php\/wp-json\/wp\/v2\/users\/1"}],"replies":[{"embeddable":true,"href":"http:\/\/tommarket.hu\/index.php\/wp-json\/wp\/v2\/comments?post=293"}],"version-history":[{"count":73,"href":"http:\/\/tommarket.hu\/index.php\/wp-json\/wp\/v2\/pages\/293\/revisions"}],"predecessor-version":[{"id":845,"href":"http:\/\/tommarket.hu\/index.php\/wp-json\/wp\/v2\/pages\/293\/revisions\/845"}],"wp:attachment":[{"href":"http:\/\/tommarket.hu\/index.php\/wp-json\/wp\/v2\/media?parent=293"}],"curies":[{"name":"wp","href":"https:\/\/api.w.org\/{rel}","templated":true}]}}