{"id":14,"date":"2025-10-27T10:27:02","date_gmt":"2025-10-27T09:27:02","guid":{"rendered":"https:\/\/hello.tommarket.hu\/?page_id=14"},"modified":"2026-04-28T12:36:37","modified_gmt":"2026-04-28T10:36:37","slug":"fooldal","status":"publish","type":"page","link":"http:\/\/tommarket.hu\/","title":{"rendered":"F\u0151oldal"},"content":{"rendered":"<div class=\"wpb-content-wrapper\"><p>[vc_row kd_background_image_position=&#8221;vc_row-bg-position-top&#8221; css=&#8221;.vc_custom_1761747206008{margin-top: 140px !important;}&#8221; css_mobile=&#8221;.vc_custom_1761747206009{margin-top: 40px !important;}&#8221;][vc_column][vc_images_carousel images=&#8221;1238,1021,275,277,285,287,283,281&#8243; img_size=&#8221;full&#8221; onclick=&#8221;custom_link&#8221; autoplay=&#8221;yes&#8221; wrap=&#8221;yes&#8221; css=&#8221;&#8221; custom_links=&#8221;#E-8_aHR0cHMlM0ElMkYlMkZ0b21tYXJrZXQuaHUlMkZpbmRleC5waHAlMkZ0b3J0ZW5ldGlyb3ZlcnNlbnklMkYlMkNodHRwcyUzQSUyRiUyRnRvbW1hcmtldC5odSUyRmluZGV4LnBocCUyRm55ZXJlbWVueWphdGVrX3RhdmFzeiUyRiUyQ2h0dHBzJTNBJTJGJTJGdG9tbWFya2V0Lmh1JTJGaW5kZXgucGhwJTJGa2F2ZXp6LW5hbHVuay1lcy1neXVqdHNkLWEtcG9udG9rYXQlMkYlMkNodHRwcyUzQSUyRiUyRnRvbW1hcmtldC5odSUyRmluZGV4LnBocCUyRmthdGFsb2d1cyUyRiUyQ2h0dHBzJTNBJTJGJTJGdG9tbWFya2V0Lmh1JTJGaW5kZXgucGhwJTJGYm9sdGphaW5rJTJGJTJDaHR0cHMlM0ElMkYlMkZ0b21tYXJrZXQuaHUlMkZpbmRleC5waHAlMkZrYXJyaWVyJTJGJTJDaHR0cHMlM0ElMkYlMkZ0b21tYXJrZXQuaHUlMkZpbmRleC5waHAlMkZzem9sZ2FsdGF0YXNhaW5rJTJGJTJDaHR0cHMlM0ElMkYlMkZ0b21tYXJrZXQuaHUlMkZpbmRleC5waHAlMkZib2x0amFpbmslMkYlMkM=&#8221;][\/vc_column][\/vc_row][vc_row css_animation=&#8221;none&#8221; kd_background_image_position=&#8221;vc_row-bg-position-top&#8221;][vc_column width=&#8221;1\/2&#8243; css=&#8221;.vc_custom_1761747183244{margin-top: 30px !important;}&#8221;][vc_single_image image=&#8221;253&#8243; img_size=&#8221;full&#8221; onclick=&#8221;custom_link&#8221; css=&#8221;&#8221; link=&#8221;https:\/\/tommarket.hu\/index.php\/katalogus\/&#8221;][\/vc_column][vc_column width=&#8221;1\/2&#8243; css=&#8221;.vc_custom_1761747189599{margin-top: 30px !important;}&#8221;][vc_single_image image=&#8221;255&#8243; img_size=&#8221;full&#8221; onclick=&#8221;custom_link&#8221; css=&#8221;&#8221; link=&#8221;https:\/\/tommarket.hu\/index.php\/szolgaltatasaink\/&#8221;][\/vc_column][\/vc_row][vc_row full_width=&#8221;stretch_row&#8221; css_animation=&#8221;fadeIn&#8221; kd_background_image_position=&#8221;vc_row-bg-position-center&#8221; css=&#8221;.vc_custom_1761747263925{margin-top: 40px !important;background-image: url(https:\/\/www.swaytheme.com\/wp-content\/uploads\/sites\/3\/2020\/10\/transport-bg3.png?id=) !important;background-position: center !important;background-repeat: no-repeat !important;background-size: cover !important;}&#8221;][vc_column]<header class=\"kd-section-title col-lg-12 text-center  subtitle-below-title    vc_custom_1762440146813\" ><h3 class=\"separator_off\" >A Tom Market t\u00f6rt\u00e9nete sz\u00e1mokban<\/h3><\/header>[vc_row_inner kd_background_image_position=&#8221;vc_row-bg-position-top&#8221; css=&#8221;.vc_custom_1761643433749{padding-top: 0px !important;padding-bottom: 0px !important;}&#8221;][vc_column_inner width=&#8221;1\/4&#8243; offset=&#8221;vc_col-lg-3 vc_col-md-6&#8243;]<div class=\"cb-container  content-center   kd-animated fadeInUp\" ><div class=\"cb-wrapper\" style=\"background-color: #fff;\"><div class=\"cb-img-area\"><i class=\"iconsmind-Shop-2 iconsmind-Shopping-E-commerce\" style=\"font-size: 60px; color: #DC1E40;\"><\/i> <\/div><div class=\"cb-text-area\"><h4 class=\"cb-heading\" >150+<br \/>\n\u00dczlet<\/h4><p >Folyamatosan b\u0151v\u00fcl\u0151 h\u00e1l\u00f3zatunkkal egyre t\u00f6bb telep\u00fcl\u00e9sen vagyunk jelen, hogy k\u00f6zel legy\u00fcnk v\u00e1s\u00e1rl\u00f3inkhoz.<\/p><\/div><\/div><\/div>[\/vc_column_inner][vc_column_inner width=&#8221;1\/4&#8243; offset=&#8221;vc_col-lg-3 vc_col-md-6&#8243;]<div class=\"cb-container  content-center   kd-animated fadeInUp\" data-animation-delay=200><div class=\"cb-wrapper\" style=\"background-color: #fff;\"><div class=\"cb-img-area\"><i class=\"iconsmind-Full-Cart iconsmind-Shopping-E-commerce\" style=\"font-size: 60px; color: #DC1E40;\"><\/i> <\/div><div class=\"cb-text-area\"><h4 class=\"cb-heading\" >6,050+<br \/>\nTerm\u00e9k<\/h4><p >K\u00edn\u00e1latunkat gondosan v\u00e1logatjuk, hogy mindenki megtal\u00e1lja a kedvenc hazai \u00e9s nemzetk\u00f6zi m\u00e1rk\u00e1it egy helyen.<\/p><\/div><\/div><\/div>[\/vc_column_inner][vc_column_inner width=&#8221;1\/4&#8243; offset=&#8221;vc_col-lg-3 vc_col-md-6&#8243;]<div class=\"cb-container  content-center   kd-animated fadeInUp\" data-animation-delay=400><div class=\"cb-wrapper\" style=\"background-color: #fff;\"><div class=\"cb-img-area\"><i class=\"iconsmind-Handshake iconsmind-Business-Finance\" style=\"font-size: 60px; color: #DC1E40;\"><\/i> <\/div><div class=\"cb-text-area\"><h4 class=\"cb-heading\" >15 \u00e9ve<br \/>\na piacon<\/h4><p >T\u00f6bb mint m\u00e1sf\u00e9l \u00e9vtizede dolgozunk azon, hogy partnereink \u00e9s v\u00e1s\u00e1rl\u00f3ink minden nap sz\u00e1m\u00edthassanak r\u00e1nk.<\/p><\/div><\/div><\/div>[\/vc_column_inner][vc_column_inner width=&#8221;1\/4&#8243; offset=&#8221;vc_col-lg-3 vc_col-md-6&#8243;]<div class=\"cb-container  content-center   kd-animated fadeInUp\" data-animation-delay=600><div class=\"cb-wrapper\" style=\"background-color: #fff;\"><div class=\"cb-img-area\"><i class=\"iconsmind-Map2 iconsmind-Maps-Locations\" style=\"font-size: 60px; color: #DC1E40;\"><\/i> <\/div><div class=\"cb-text-area\"><h4 class=\"cb-heading\" >100%-ban magyar<\/h4><p >B\u00fcszk\u00e9k vagyunk arra, hogy hazai \u00e9rt\u00e9keket k\u00e9pvisel\u00fcnk, \u00e9s magyar v\u00e1llalkoz\u00f3kat t\u00e1mogatunk orsz\u00e1gszerte.<\/p><\/div><\/div><\/div>[\/vc_column_inner][\/vc_row_inner]<a  href=\"http:\/\/tommarket.hu\/index.php\/rolunk\/\"  target=\"_self\"  title=\"R\u00f3lunk\"  class=\"tt_button tt_primary_button btn_secondary_color hover_solid_primary button-center button-action-link   vc_custom_1765785105875\" ><span class=\"prim_text\">Tudj meg t\u00f6bbet r\u00f3lunk<\/span><\/a>[\/vc_column][\/vc_row][vc_row css_animation=&#8221;fadeIn&#8221; kd_background_image_position=&#8221;vc_row-bg-position-top&#8221; css=&#8221;.vc_custom_1761745462299{margin-top: 40px !important;}&#8221;][vc_column]<header class=\"kd-section-title col-lg-12 text-center  subtitle-below-title    vc_custom_1762440151661\" ><h3 class=\"separator_off\" >H\u00edrek, aktualit\u00e1sok<\/h3><\/header>[vc_row_inner kd_background_image_position=&#8221;vc_row-bg-position-top&#8221;][vc_column_inner][vc_basic_grid post_type=&#8221;post&#8221; max_items=&#8221;3&#8243; gap=&#8221;35&#8243; item=&#8221;masonryGrid_FadeIn&#8221; css=&#8221;&#8221; grid_id=&#8221;vc_gid:1777372529928-7eae3ff5-f384-0&#8243; taxonomies=&#8221;7&#8243;][\/vc_column_inner][\/vc_row_inner]<a  href=\"http:\/\/tommarket.hu\/index.php\/hirek\/\"  target=\"_self\"  title=\"H\u00edrek, aktualit\u00e1sok\"  class=\"tt_button tt_primary_button btn_secondary_color hover_solid_primary button-center button-action-link   vc_custom_1765785119377\" ><span class=\"prim_text\">Tov\u00e1bbi h\u00edreink<\/span><\/a>[\/vc_column][\/vc_row][vc_row css_animation=&#8221;fadeIn&#8221; kd_background_image_position=&#8221;vc_row-bg-position-top&#8221; css=&#8221;.vc_custom_1761745469883{margin-top: 40px !important;}&#8221;][vc_column]<header class=\"kd-section-title col-lg-12 text-center  subtitle-below-title    vc_custom_1762440156373\" ><h3 class=\"separator_off\" >Ind\u00edtsd el saj\u00e1t Tom Market \u00fczleted!<\/h3><\/header>[vc_row_inner content_placement=&#8221;top&#8221; kd_background_image_position=&#8221;vc_row-bg-position-top&#8221;][vc_column_inner width=&#8221;1\/2&#8243;][vc_column_text css=&#8221;&#8221;]<\/p>\n<p style=\"text-align: justify;\">A Tom Market h\u00e1l\u00f3zat\u00e1hoz csatlakozva b\u00e1rki sikeres v\u00e1llalkoz\u00f3v\u00e1 v\u00e1lhat \u2013 m\u00e9g akkor is, ha kor\u00e1bban nem rendelkezett kereskedelmi tapasztalattal.<br data-start=\"410\" data-end=\"413\" \/><strong>K\u00f6zpontunk teljes k\u00f6r\u0171 t\u00e1mogat\u00e1st ny\u00fajt:<\/strong> megtan\u00edtjuk a kiskereskedelem alapjait, seg\u00edt\u00fcnk meg\u00e9rteni a v\u00e1llalkoz\u00e1s m\u0171k\u00f6d\u00e9s\u00e9t, \u00e9s l\u00e9p\u00e9sr\u0151l l\u00e9p\u00e9sre vezet\u00fcnk a stabil, \u00f6n\u00e1ll\u00f3 egzisztencia fel\u00e9.<\/p>\n<p>[\/vc_column_text][vc_column_text css=&#8221;&#8221;]<strong>A CSATLAKOZ\u00c1S EL\u0150NYEI:<\/strong><\/p>\n<ul>\n<li>K\u00f6zponti rakt\u00e1r \u2013 web\u00e1ruh\u00e1z<\/li>\n<li>Szkennerkassza &#8211; Fr\u00e9zer Market V\u00e1llalatir\u00e1ny\u00edt\u00e1si Rendszer<\/li>\n<li>Egys\u00e9ges arculat \u2013 boltk\u00fcls\u0151<\/li>\n<li>Vev\u0151csalogat\u00f3 akci\u00f3k<\/li>\n<li>K\u00f6zponti rendezv\u00e9nyek, tov\u00e1bbk\u00e9pz\u00e9sek<\/li>\n<li>Partneri kedvezm\u00e9nyek (E-on, Praktiker, Vodafone, OMW)<\/li>\n<li>K\u00f6zponti partner \u00fcgyf\u00e9lszolg\u00e1lat<\/li>\n<\/ul>\n<p>[\/vc_column_text][\/vc_column_inner][vc_column_inner width=&#8221;1\/2&#8243;][vc_single_image image=&#8221;187&#8243; img_size=&#8221;full&#8221; alignment=&#8221;right&#8221; style=&#8221;vc_box_rounded&#8221; css_animation=&#8221;none&#8221; css=&#8221;.vc_custom_1761750218752{margin-right: -20px !important;}&#8221;][\/vc_column_inner][\/vc_row_inner]<a  href=\"http:\/\/tommarket.hu\/index.php\/csatlakozz\/\"  target=\"_self\"  title=\"Csatlakozz\"  class=\"tt_button tt_primary_button btn_secondary_color hover_solid_primary button-center button-action-link   vc_custom_1765785133378\" ><span class=\"prim_text\">Tov\u00e1bbi r\u00e9szletek<\/span><\/a>[\/vc_column][\/vc_row][vc_row full_width=&#8221;stretch_row&#8221; css_animation=&#8221;fadeIn&#8221; kd_background_image_position=&#8221;vc_row-bg-position-top&#8221; css=&#8221;.vc_custom_1761745488876{margin-top: 40px !important;padding-top: 30px !important;padding-bottom: 30px !important;background-color: #DC1E40 !important;}&#8221;][vc_column][vc_row_inner equal_height=&#8221;yes&#8221; content_placement=&#8221;middle&#8221; kd_background_image_position=&#8221;vc_row-bg-position-top&#8221;][vc_column_inner width=&#8221;1\/2&#8243;]<header class=\"kd-section-title col-lg-12 text-center  subtitle-below-title    vc_custom_1761664830796\" ><h4 class=\"separator_off\" style=\"color: #FFFFFF;\">Ne maradj le leg\u00fajabb akci\u00f3inkr\u00f3l!<\/h4><\/header>[\/vc_column_inner][vc_column_inner width=&#8221;1\/2&#8243;]<div class=\"wpforms-container wpforms-container-full inline-fields\" id=\"wpforms-153\"><form id=\"wpforms-form-153\" class=\"wpforms-validate wpforms-form wpforms-ajax-form\" data-formid=\"153\" method=\"post\" enctype=\"multipart\/form-data\" action=\"\/index.php\/wp-json\/wp\/v2\/pages\/14\" data-token=\"efbbfd69c3b8f2f46c4914721c04d12c\"><noscript class=\"wpforms-error-noscript\">Please enable JavaScript in your browser to complete this form.<\/noscript><div class=\"wpforms-field-container\"><div id=\"wpforms-153-field_2-container\" class=\"wpforms-field wpforms-field-email subscriber-input\" data-field-id=\"2\"><label class=\"wpforms-field-label wpforms-label-hide\" for=\"wpforms-153-field_2\">Email <span class=\"wpforms-required-label\">*<\/span><\/label><input type=\"email\" id=\"wpforms-153-field_2\" class=\"wpforms-field-large wpforms-field-required\" name=\"wpforms[fields][2]\" placeholder=\"E-mail\" required><\/div><\/div><div class=\"wpforms-submit-container\"><input type=\"hidden\" name=\"wpforms[id]\" value=\"153\"><input type=\"hidden\" name=\"wpforms[author]\" value=\"1\"><button type=\"submit\" name=\"wpforms[submit]\" id=\"wpforms-submit-153\" class=\"wpforms-submit\" data-alt-text=\"K\u00fcld\u00e9s...\" data-submit-text=\"Bek\u00fcld\u00e9s\" aria-live=\"assertive\" value=\"wpforms-submit\">Bek\u00fcld\u00e9s<\/button><img loading=\"lazy\" decoding=\"async\" src=\"http:\/\/tommarket.hu\/wp-content\/plugins\/wpforms\/assets\/images\/submit-spin.svg\" class=\"wpforms-submit-spinner\" style=\"display: none;\" width=\"26\" height=\"26\" alt=\"Loading\"><\/div><\/form><\/div>  <!-- .wpforms-container -->[\/vc_column_inner][\/vc_row_inner][\/vc_column][\/vc_row][vc_row css_animation=&#8221;fadeIn&#8221; kd_background_image_position=&#8221;vc_row-bg-position-top&#8221; css=&#8221;.vc_custom_1761745481864{margin-top: 40px !important;}&#8221;][vc_column]<header class=\"kd-section-title col-lg-12 text-center  subtitle-below-title    vc_custom_1762440162558\" ><h3 class=\"separator_off\" >Tal\u00e1ld meg a hozz\u00e1d legk\u00f6zelebbi Tom Market \u00fczletet!<\/h3><\/header>[vc_row_inner content_placement=&#8221;top&#8221; kd_background_image_position=&#8221;vc_row-bg-position-top&#8221;][vc_column_inner width=&#8221;1\/2&#8243;][vc_column_text css=&#8221;&#8221;]<\/p>\n<p style=\"text-align: justify;\">Szeretn\u00e9d gyorsan \u00e9s k\u00e9nyelmesen el\u00e9rni a legk\u00f6zelebbi Tom Market boltot? Haszn\u00e1ld egyszer\u0171 boltkeres\u0151nket, \u00e9s pillanatok alatt megtal\u00e1lod, hol v\u00e1r a legk\u00f6zelebbi \u00fczlet\u00fcnk!<br data-start=\"486\" data-end=\"489\" \/>B\u00f6ng\u00e9ssz a t\u00e9rk\u00e9pen \u00e9s fedezd fel, milyen k\u00f6zel van hozz\u00e1d a k\u00f6vetkez\u0151 k\u00e9nyelmes bev\u00e1s\u00e1rl\u00e1si lehet\u0151s\u00e9g.<\/p>\n<p>[\/vc_column_text]<a  href=\"http:\/\/tommarket.hu\/index.php\/boltjaink\/\"  target=\"_self\"  title=\"Boltjaink\"  class=\"tt_button tt_primary_button btn_secondary_color hover_solid_primary btn-align-left button-action-link   vc_custom_1765785146581\" ><span class=\"prim_text\">Boltkeres\u0151<\/span><\/a>[\/vc_column_inner][vc_column_inner width=&#8221;1\/2&#8243; css_mobile=&#8221;.vc_custom_1761747317546{margin-top: 30px !important;}&#8221;][vc_single_image image=&#8221;217&#8243; img_size=&#8221;full&#8221; alignment=&#8221;right&#8221; style=&#8221;vc_box_rounded&#8221; css_animation=&#8221;fadeIn&#8221; css=&#8221;.vc_custom_1761734065952{margin-right: -20px !important;}&#8221;][\/vc_column_inner][\/vc_row_inner][\/vc_column][\/vc_row]<\/p>\n<\/div>","protected":false},"excerpt":{"rendered":"<p> [&hellip;]<\/p>\n","protected":false},"author":1,"featured_media":0,"parent":0,"menu_order":0,"comment_status":"closed","ping_status":"closed","template":"","meta":{"footnotes":""},"class_list":["post-14","page","type-page","status-publish","hentry"],"_links":{"self":[{"href":"http:\/\/tommarket.hu\/index.php\/wp-json\/wp\/v2\/pages\/14","targetHints":{"allow":["GET"]}}],"collection":[{"href":"http:\/\/tommarket.hu\/index.php\/wp-json\/wp\/v2\/pages"}],"about":[{"href":"http:\/\/tommarket.hu\/index.php\/wp-json\/wp\/v2\/types\/page"}],"author":[{"embeddable":true,"href":"http:\/\/tommarket.hu\/index.php\/wp-json\/wp\/v2\/users\/1"}],"replies":[{"embeddable":true,"href":"http:\/\/tommarket.hu\/index.php\/wp-json\/wp\/v2\/comments?post=14"}],"version-history":[{"count":201,"href":"http:\/\/tommarket.hu\/index.php\/wp-json\/wp\/v2\/pages\/14\/revisions"}],"predecessor-version":[{"id":1243,"href":"http:\/\/tommarket.hu\/index.php\/wp-json\/wp\/v2\/pages\/14\/revisions\/1243"}],"wp:attachment":[{"href":"http:\/\/tommarket.hu\/index.php\/wp-json\/wp\/v2\/media?parent=14"}],"curies":[{"name":"wp","href":"https:\/\/api.w.org\/{rel}","templated":true}]}}